{"id":1255,"date":"2025-04-14T01:00:32","date_gmt":"2025-04-14T01:00:32","guid":{"rendered":"https:\/\/particip-action.com\/?page_id=1255"},"modified":"2026-05-01T06:51:23","modified_gmt":"2026-05-01T06:51:23","slug":"code-de-conduite-et-bonnes-pratiques","status":"publish","type":"page","link":"https:\/\/particip-action.com\/?page_id=1255","title":{"rendered":"Code de conduite et bonnes pratiques"},"content":{"rendered":"\t\t<div data-elementor-type=\"wp-page\" data-elementor-id=\"1255\" class=\"elementor elementor-1255\">\n\t\t\t\t\t\t<section class=\"elementor-section elementor-top-section elementor-element elementor-element-78bfcd5 elementor-section-boxed elementor-section-height-default elementor-section-height-default\" data-id=\"78bfcd5\" data-element_type=\"section\" data-e-type=\"section\" data-settings=\"{&quot;shape_divider_top&quot;:&quot;wave-brush&quot;}\">\n\t\t\t\t\t<div class=\"elementor-shape elementor-shape-top\" aria-hidden=\"true\" data-negative=\"false\">\n\t\t\t<svg xmlns=\"http:\/\/www.w3.org\/2000\/svg\" viewBox=\"0 0 283.5 27.8\" preserveAspectRatio=\"none\">\n\t<path class=\"elementor-shape-fill\" d=\"M283.5,9.7c0,0-7.3,4.3-14,4.6c-6.8,0.3-12.6,0-20.9-1.5c-11.3-2-33.1-10.1-44.7-5.7\ts-12.1,4.6-18,7.4c-6.6,3.2-20,9.6-36.6,9.3C131.6,23.5,99.5,7.2,86.3,8c-1.4,0.1-6.6,0.8-10.5,2c-3.8,1.2-9.4,3.8-17,4.7\tc-3.2,0.4-8.3,1.1-14.2,0.9c-1.5-0.1-6.3-0.4-12-1.6c-5.7-1.2-11-3.1-15.8-3.7C6.5,9.2,0,10.8,0,10.8V0h283.5V9.7z M260.8,11.3\tc-0.7-1-2-0.4-4.3-0.4c-2.3,0-6.1-1.2-5.8-1.1c0.3,0.1,3.1,1.5,6,1.9C259.7,12.2,261.4,12.3,260.8,11.3z M242.4,8.6\tc0,0-2.4-0.2-5.6-0.9c-3.2-0.8-10.3-2.8-15.1-3.5c-8.2-1.1-15.8,0-15.1,0.1c0.8,0.1,9.6-0.6,17.6,1.1c3.3,0.7,9.3,2.2,12.4,2.7\tC239.9,8.7,242.4,8.6,242.4,8.6z M185.2,8.5c1.7-0.7-13.3,4.7-18.5,6.1c-2.1,0.6-6.2,1.6-10,2c-3.9,0.4-8.9,0.4-8.8,0.5\tc0,0.2,5.8,0.8,11.2,0c5.4-0.8,5.2-1.1,7.6-1.6C170.5,14.7,183.5,9.2,185.2,8.5z M199.1,6.9c0.2,0-0.8-0.4-4.8,1.1\tc-4,1.5-6.7,3.5-6.9,3.7c-0.2,0.1,3.5-1.8,6.6-3C197,7.5,199,6.9,199.1,6.9z M283,6c-0.1,0.1-1.9,1.1-4.8,2.5s-6.9,2.8-6.7,2.7\tc0.2,0,3.5-0.6,7.4-2.5C282.8,6.8,283.1,5.9,283,6z M31.3,11.6c0.1-0.2-1.9-0.2-4.5-1.2s-5.4-1.6-7.8-2C15,7.6,7.3,8.5,7.7,8.6\tC8,8.7,15.9,8.3,20.2,9.3c2.2,0.5,2.4,0.5,5.7,1.6S31.2,11.9,31.3,11.6z M73,9.2c0.4-0.1,3.5-1.6,8.4-2.6c4.9-1.1,8.9-0.5,8.9-0.8\tc0-0.3-1-0.9-6.2-0.3S72.6,9.3,73,9.2z M71.6,6.7C71.8,6.8,75,5.4,77.3,5c2.3-0.3,1.9-0.5,1.9-0.6c0-0.1-1.1-0.2-2.7,0.2\tC74.8,5.1,71.4,6.6,71.6,6.7z M93.6,4.4c0.1,0.2,3.5,0.8,5.6,1.8c2.1,1,1.8,0.6,1.9,0.5c0.1-0.1-0.8-0.8-2.4-1.3\tC97.1,4.8,93.5,4.2,93.6,4.4z M65.4,11.1c-0.1,0.3,0.3,0.5,1.9-0.2s2.6-1.3,2.2-1.2s-0.9,0.4-2.5,0.8C65.3,10.9,65.5,10.8,65.4,11.1\tz M34.5,12.4c-0.2,0,2.1,0.8,3.3,0.9c1.2,0.1,2,0.1,2-0.2c0-0.3-0.1-0.5-1.6-0.4C36.6,12.8,34.7,12.4,34.5,12.4z M152.2,21.1\tc-0.1,0.1-2.4-0.3-7.5-0.3c-5,0-13.6-2.4-17.2-3.5c-3.6-1.1,10,3.9,16.5,4.1C150.5,21.6,152.3,21,152.2,21.1z\"\/>\n\t<path class=\"elementor-shape-fill\" d=\"M269.6,18c-0.1-0.1-4.6,0.3-7.2,0c-7.3-0.7-17-3.2-16.6-2.9c0.4,0.3,13.7,3.1,17,3.3\tC267.7,18.8,269.7,18,269.6,18z\"\/>\n\t<path class=\"elementor-shape-fill\" d=\"M227.4,9.8c-0.2-0.1-4.5-1-9.5-1.2c-5-0.2-12.7,0.6-12.3,0.5c0.3-0.1,5.9-1.8,13.3-1.2\tS227.6,9.9,227.4,9.8z\"\/>\n\t<path class=\"elementor-shape-fill\" d=\"M204.5,13.4c-0.1-0.1,2-1,3.2-1.1c1.2-0.1,2,0,2,0.3c0,0.3-0.1,0.5-1.6,0.4\tC206.4,12.9,204.6,13.5,204.5,13.4z\"\/>\n\t<path class=\"elementor-shape-fill\" d=\"M201,10.6c0-0.1-4.4,1.2-6.3,2.2c-1.9,0.9-6.2,3.1-6.1,3.1c0.1,0.1,4.2-1.6,6.3-2.6\tS201,10.7,201,10.6z\"\/>\n\t<path class=\"elementor-shape-fill\" d=\"M154.5,26.7c-0.1-0.1-4.6,0.3-7.2,0c-7.3-0.7-17-3.2-16.6-2.9c0.4,0.3,13.7,3.1,17,3.3\tC152.6,27.5,154.6,26.8,154.5,26.7z\"\/>\n\t<path class=\"elementor-shape-fill\" d=\"M41.9,19.3c0,0,1.2-0.3,2.9-0.1c1.7,0.2,5.8,0.9,8.2,0.7c4.2-0.4,7.4-2.7,7-2.6\tc-0.4,0-4.3,2.2-8.6,1.9c-1.8-0.1-5.1-0.5-6.7-0.4S41.9,19.3,41.9,19.3z\"\/>\n\t<path class=\"elementor-shape-fill\" d=\"M75.5,12.6c0.2,0.1,2-0.8,4.3-1.1c2.3-0.2,2.1-0.3,2.1-0.5c0-0.1-1.8-0.4-3.4,0\tC76.9,11.5,75.3,12.5,75.5,12.6z\"\/>\n\t<path class=\"elementor-shape-fill\" d=\"M15.6,13.2c0-0.1,4.3,0,6.7,0.5c2.4,0.5,5,1.9,5,2c0,0.1-2.7-0.8-5.1-1.4\tC19.9,13.7,15.7,13.3,15.6,13.2z\"\/>\n<\/svg>\t\t<\/div>\n\t\t\t\t\t<div class=\"elementor-container elementor-column-gap-default\">\n\t\t\t\t\t<div class=\"elementor-column elementor-col-100 elementor-top-column elementor-element elementor-element-340d0f5\" data-id=\"340d0f5\" data-element_type=\"column\" data-e-type=\"column\">\n\t\t\t<div class=\"elementor-widget-wrap elementor-element-populated\">\n\t\t\t\t\t\t<div class=\"elementor-element elementor-element-26f48e2 elementor-invisible elementor-widget elementor-widget-heading\" data-id=\"26f48e2\" data-element_type=\"widget\" data-e-type=\"widget\" data-settings=\"{&quot;_animation&quot;:&quot;fadeIn&quot;,&quot;_animation_delay&quot;:200}\" data-widget_type=\"heading.default\">\n\t\t\t\t<div class=\"elementor-widget-container\">\n\t\t\t\t\t<h5 class=\"elementor-heading-title elementor-size-default\">CODE DE CONDUITE ET BONNES PRATIQUES<\/h5>\t\t\t\t<\/div>\n\t\t\t\t<\/div>\n\t\t\t\t\t<\/div>\n\t\t<\/div>\n\t\t\t\t\t<\/div>\n\t\t<\/section>\n\t\t<div class=\"elementor-element elementor-element-7ff89b89 e-flex e-con-boxed e-con e-parent\" data-id=\"7ff89b89\" data-element_type=\"container\" data-e-type=\"container\">\n\t\t\t\t\t<div class=\"e-con-inner\">\n\t\t\t\t<div class=\"elementor-element elementor-element-72dc9a8d elementor-widget elementor-widget-text-editor\" data-id=\"72dc9a8d\" data-element_type=\"widget\" data-e-type=\"widget\" data-widget_type=\"text-editor.default\">\n\t\t\t\t<div class=\"elementor-widget-container\">\n\t\t\t\t\t\t\t\t\t<p><strong>Pr\u00e9ambule<\/strong><\/p>\n<p style=\"text-align: justify;\">&nbsp;<em>Particip&rsquo;Action<\/em> est une revue scientifique interafricaine et multidisciplinaire regroupant toutes les sp\u00e9cialit\u00e9s des lettres (<b>litt\u00e9rature\/langues)<\/b>, sciences humaines et sociales (<strong>linguistique et philosophie)<\/strong>, fond\u00e9e en 2009 \u00e0 l&rsquo;Universit\u00e9 de Lom\u00e9. Elle se consacre \u00e0 la promotion de la recherche participative et de l&rsquo;engagement communautaire. Les textes accept\u00e9s sont en fran\u00e7ais, anglais, allemand ou en espagnol et sont s\u00e9lectionn\u00e9s par le comit\u00e9 scientifique et de lecture sur la base de leur originalit\u00e9, des int\u00e9r\u00eats qu\u2019ils pr\u00e9sentent aux plans africain et international et de leur rigueur scientifique. Ce code de conduite et de bonnes pratiques vise \u00e0 garantir l&rsquo;int\u00e9grit\u00e9, la rigueur et l&rsquo;\u00e9thique de ses publications qui sont semestrielles (janvier et juillet)<\/p>\n<ol>\n<li><strong> Principes g\u00e9n\u00e9raux<\/strong><\/li>\n<\/ol>\n<ul>\n<li><strong>Int\u00e9grit\u00e9 scientifique<\/strong>: Tous les articles publi\u00e9s sont s\u00e9lectionn\u00e9s par le comit\u00e9 scientifique et de lecture sur la base de leurs originalit\u00e9s, des int\u00e9r\u00eats qu\u2019ils pr\u00e9sentent aux plans africain et international et de leur rigueur scientifique. Ils sont bas\u00e9s sur des donn\u00e9es fiables et respectueux des normes de citation et de r\u00e9f\u00e9rence.<\/li>\n<li><strong>\u00c9thique de la recherche<\/strong>: La revue publie des articles qui ne sont pas encore publi\u00e9s ou diffus\u00e9s. Le contenu des articles ne doit pas porter atteinte \u00e0 la vie priv\u00e9e d\u2019une personne physique ou morale. Nous encourageons une d\u00e9marche \u00e9thique et le professionnalisme chez les auteurs \/autrices.<\/li>\n<li><strong>Transparence<\/strong>: Les auteurs \/autrices doivent signaler tout conflit d&rsquo;int\u00e9r\u00eats potentiel et d\u00e9crire clairement leurs m\u00e9thodologies de recherche.<\/li>\n<li><strong>Respect et diversit\u00e9<\/strong>: La revue promeut un environnement inclusif et respectueux, accueillant des perspectives diverses et encourageant le dialogue constructif.<\/li>\n<\/ul>\n<ol start=\"2\">\n<li><strong> Responsabilit\u00e9s des auteurs \/ autrices<\/strong><\/li>\n<\/ol>\n<ul>\n<li>Soumettre des travaux originaux et non publi\u00e9s ailleurs.<\/li>\n<li>Citer correctement toutes les sources utilis\u00e9es.<\/li>\n<li>Obtenir les autorisations n\u00e9cessaires pour l&rsquo;utilisation de donn\u00e9es ou d&rsquo;images prot\u00e9g\u00e9es.<\/li>\n<li>R\u00e9pondre aux commentaires des \u00e9valuateurs et effectuer les r\u00e9visions n\u00e9cessaires.<\/li>\n<li>Signaler tout conflit d&rsquo;int\u00e9r\u00eats.<\/li>\n<\/ul>\n<ol start=\"3\">\n<li><strong> Responsabilit\u00e9s des \u00e9valuateurs<\/strong><\/li>\n<\/ol>\n<ul>\n<li>\u00c9valuer les articles de mani\u00e8re objective et constructive.<\/li>\n<li>Respecter la confidentialit\u00e9 des articles soumis.<\/li>\n<li>Fournir des commentaires clairs et d\u00e9taill\u00e9s aux auteurs.<\/li>\n<li>Signaler tout cas de plagiat ou de fraude.<\/li>\n<li>Signaler tout conflit d&rsquo;int\u00e9r\u00eats potentiel.<\/li>\n<\/ul>\n<ol start=\"4\">\n<li><strong> Responsabilit\u00e9s du comit\u00e9 de r\u00e9daction<\/strong><\/li>\n<\/ol>\n<ul>\n<li>Assurer la qualit\u00e9 scientifique et l&rsquo;int\u00e9grit\u00e9 de la revue.<\/li>\n<li>S\u00e9lectionner les articles en fonction de leur pertinence et de leur rigueur.<\/li>\n<li>Garantir un processus d&rsquo;\u00e9valuation \u00e9quitable et transparent.<\/li>\n<li>Promouvoir la diversit\u00e9 des perspectives et des approches.<\/li>\n<li>Veiller au respect des normes \u00e9thiques et d\u00e9ontologiques.<\/li>\n<\/ul>\n<ol start=\"5\">\n<li><strong> Processus de publication<\/strong><\/li>\n<\/ol>\n<ul>\n<li>Les articles sont soumis \u00e0 une \u00e9valuation par les pairs en double aveugle.<\/li>\n<li>Le comit\u00e9 de r\u00e9daction prend la d\u00e9cision finale de publication.<\/li>\n<li>Les auteurs sont inform\u00e9s des d\u00e9cisions et des commentaires des \u00e9valuateurs.<\/li>\n<li>La revue s&rsquo;engage \u00e0 publier les articles dans un d\u00e9lai raisonnable.<\/li>\n<\/ul>\n<p><em>Particip\u2019Action<\/em> fait deux (02) publications par an (janvier et juillet). L\u2019\u00e9ch\u00e9ancier de publication est le suivant&nbsp;:<\/p>\n<p>\u2756 Pour la publication de janvier&nbsp;:<\/p>\n<ul>\n<li>septembre : publication de l\u2019appel \u00e0 contributions<\/li>\n<li>20 novembre : Fin de r\u00e9ception des articles<\/li>\n<li>20 janvier : publication des articles<\/li>\n<\/ul>\n<p>\u2756 Pour la publication de juillet<\/p>\n<ul>\n<li>mars : publication de l\u2019appel \u00e0 contributions<\/li>\n<li>20 juin : Fin de r\u00e9ception des articles<\/li>\n<li>20 juillet : publication des articles<\/li>\n<\/ul>\n<ol start=\"6\">\n<li><strong> Lutte contre le plagiat et la fraude<\/strong><\/li>\n<\/ol>\n<ul>\n<li>La revue utilise des outils de d\u00e9tection de plagiat pour v\u00e9rifier l&rsquo;originalit\u00e9 des articles.<\/li>\n<li>Tout cas de plagiat ou de fraude sera trait\u00e9 avec la plus grande s\u00e9v\u00e9rit\u00e9.<\/li>\n<li>Les auteurs reconnus coupables de plagiat ou de fraude pourront \u00eatre exclus de la revue pour un an de publication.<\/li>\n<\/ul>\n<ol start=\"7\">\n<li><strong> Diffusion et acc\u00e8s ouvert<\/strong><\/li>\n<\/ol>\n<ul>\n<li>La revue s&rsquo;engage \u00e0 diffuser largement les r\u00e9sultats de la recherche.<\/li>\n<li>Les articles sont publi\u00e9s en acc\u00e8s ouvert, permettant un acc\u00e8s gratuit et illimit\u00e9 sur le site web de la revue.<\/li>\n<li>La revue encourage la diffusion des articles sur les r\u00e9seaux sociaux et autres plateformes.<\/li>\n<\/ul>\n<ol start=\"8\">\n<li><strong> Mise \u00e0 jour du code<\/strong><\/li>\n<\/ol>\n<ul>\n<li>Ce code de conduite et de bonnes pratiques sera r\u00e9vis\u00e9 et mis \u00e0 jour r\u00e9guli\u00e8rement.<\/li>\n<li>Les commentaires et suggestions des auteurs \/autrices, des \u00e9valuateurs \/\u00e9valuatrices et des lecteurs \/lectrices sont les bienvenus.<\/li>\n<\/ul>\n<ol start=\"9\">\n<li><strong> Contact<\/strong><\/li>\n<\/ol>\n<p>Pour toute question ou pr\u00e9occupation concernant ce code de conduite, veuillez contacter le comit\u00e9 de r\u00e9daction de la revue par t\u00e9l\u00e9phone&nbsp;: +22890257000\/92481285 ou par courriel&nbsp;: <a href=\"mailto:participaction1@gmail.com\">participaction1@gmail.com<\/a><\/p>\n<p>&nbsp;<\/p>\t\t\t\t\t\t\t\t<\/div>\n\t\t\t\t<\/div>\n\t\t\t\t\t<\/div>\n\t\t\t\t<\/div>\n\t\t\t\t<\/div>\n\t\t","protected":false},"excerpt":{"rendered":"<p>CODE DE CONDUITE ET BONNES PRATIQUES Pr\u00e9ambule &nbsp;Particip&rsquo;Action est une revue scientifique interafricaine et multidisciplinaire regroupant toutes les sp\u00e9cialit\u00e9s des lettres (litt\u00e9rature\/langues), sciences humaines et sociales (linguistique et philosophie), fond\u00e9e en 2009 \u00e0 l&rsquo;Universit\u00e9 de Lom\u00e9. Elle se consacre \u00e0 la promotion de la recherche participative et de l&rsquo;engagement communautaire. Les textes accept\u00e9s sont en [&hellip;]<\/p>\n","protected":false},"author":2,"featured_media":0,"parent":0,"menu_order":0,"comment_status":"closed","ping_status":"closed","template":"","meta":{"saved_in_kubio":false,"footnotes":""},"class_list":["post-1255","page","type-page","status-publish","hentry"],"kubio_ai_page_context":{"short_desc":"","purpose":"general"},"_links":{"self":[{"href":"https:\/\/particip-action.com\/index.php?rest_route=\/wp\/v2\/pages\/1255","targetHints":{"allow":["GET"]}}],"collection":[{"href":"https:\/\/particip-action.com\/index.php?rest_route=\/wp\/v2\/pages"}],"about":[{"href":"https:\/\/particip-action.com\/index.php?rest_route=\/wp\/v2\/types\/page"}],"author":[{"embeddable":true,"href":"https:\/\/particip-action.com\/index.php?rest_route=\/wp\/v2\/users\/2"}],"replies":[{"embeddable":true,"href":"https:\/\/particip-action.com\/index.php?rest_route=%2Fwp%2Fv2%2Fcomments&post=1255"}],"version-history":[{"count":29,"href":"https:\/\/particip-action.com\/index.php?rest_route=\/wp\/v2\/pages\/1255\/revisions"}],"predecessor-version":[{"id":2382,"href":"https:\/\/particip-action.com\/index.php?rest_route=\/wp\/v2\/pages\/1255\/revisions\/2382"}],"wp:attachment":[{"href":"https:\/\/particip-action.com\/index.php?rest_route=%2Fwp%2Fv2%2Fmedia&parent=1255"}],"curies":[{"name":"wp","href":"https:\/\/api.w.org\/{rel}","templated":true}]}}