{"id":333,"date":"2024-01-22T16:19:09","date_gmt":"2024-01-22T16:19:09","guid":{"rendered":"https:\/\/particip-action.com\/?page_id=333"},"modified":"2025-05-25T15:45:58","modified_gmt":"2025-05-25T15:45:58","slug":"ligne-editoriale","status":"publish","type":"page","link":"https:\/\/particip-action.com\/?page_id=333","title":{"rendered":"Ligne \u00e9ditoriale"},"content":{"rendered":"<h2>SOUMISSION DES ARTICLES<\/h2>\n<p>La Revue <strong><em>Particip\u2019Action<\/em><\/strong> re\u00e7oit les projets de publication par voie \u00e9lectronique. Ceci permet de r\u00e9duire les co\u00fbts d\u2019op\u00e9ration et d\u2019acc\u00e9l\u00e9rer le processus de r\u00e9ception, de traitement et de mise en ligne de la revue. Les articles doivent \u00eatre soumis \u00e0 l\u2019adresse suivante (ou conjointement) : \u00a0 <a style=\"color: #000000;\" href=\"mailto:participaction1@gmail.com\" target=\"_blank\" rel=\"noopener\">participaction1@gmail.com<\/a>\u00a0<\/p>\n<h2>ORIGINALITE DES ARTICLES<\/h2>\n<p style=\"text-align: justify;\">La revue publie des articles qui ne sont pas encore publi\u00e9s ou diffus\u00e9s. Le contenu des articles ne doit pas porter atteinte \u00e0 la vie priv\u00e9e d\u2019une personne physique ou morale. Nous encourageons une d\u00e9marche \u00e9thique et le professionnalisme chez les auteurs.<\/p>\n<h2>RECOMMANDATION AUX LECTEURS<\/h2>\n<p>L\u2019auteur d\u2019un article est tenu de pr\u00e9senter son texte dans un seul document et en respectant les crit\u00e8res suivants : Titre de l\u2019article, Nom de l\u2019auteur, Pr\u00e9sentation de l\u2019auteur, R\u00e9sum\u00e9 de l\u2019article, Mots cl\u00e9s, Corps de l\u2019article , Tout l\u2019article ne doit d\u00e9passer 17 pages ,R\u00e9f\u00e9rences bibliographiques<\/p>\n<h4 id=\"elementor-tab-title-1381\" data-tab=\"1\" role=\"button\" aria-controls=\"elementor-tab-content-1381\" aria-expanded=\"false\">\n\t\t\t\t\t\t\t\t\t\t\t\t\t\t\t<svg viewBox=\"0 0 512 512\" xmlns=\"http:\/\/www.w3.org\/2000\/svg\"><path d=\"M428.8 137.6h-86.177a115.52 115.52 0 0 0 2.176-22.4c0-47.914-35.072-83.2-92-83.2-45.314 0-57.002 48.537-75.707 78.784-7.735 12.413-16.994 23.317-25.851 33.253l-.131.146-.129.148C135.662 161.807 127.764 168 120.8 168h-2.679c-5.747-4.952-13.536-8-22.12-8H32c-17.673 0-32 12.894-32 28.8v230.4C0 435.106 14.327 448 32 448h64c8.584 0 16.373-3.048 22.12-8h2.679c28.688 0 67.137 40 127.2 40h21.299c62.542 0 98.8-38.658 99.94-91.145 12.482-17.813 18.491-40.785 15.985-62.791A93.148 93.148 0 0 0 393.152 304H428.8c45.435 0 83.2-37.584 83.2-83.2 0-45.099-38.101-83.2-83.2-83.2zm0 118.4h-91.026c12.837 14.669 14.415 42.825-4.95 61.05 11.227 19.646 1.687 45.624-12.925 53.625 6.524 39.128-10.076 61.325-50.6 61.325H248c-45.491 0-77.21-35.913-120-39.676V215.571c25.239-2.964 42.966-21.222 59.075-39.596 11.275-12.65 21.725-25.3 30.799-39.875C232.355 112.712 244.006 80 252.8 80c23.375 0 44 8.8 44 35.2 0 35.2-26.4 53.075-26.4 70.4h158.4c18.425 0 35.2 16.5 35.2 35.2 0 18.975-16.225 35.2-35.2 35.2zM88 384c0 13.255-10.745 24-24 24s-24-10.745-24-24 10.745-24 24-24 24 10.745 24 24z\"><\/path><\/svg><br \/>\n\t\t\t\t\t\t\t\t\t\t\t\t<a tabindex=\"0\"> Titre de l\u2019article (obligatoire)  <\/a><br \/>\n\t\t\t\t\t<\/h4>\n<p>Un titre qui indique clairement le sujet de l\u2019article, n\u2019exc\u00e9dant pas 25 mots.\u00a0<\/p>\n<h4 id=\"elementor-tab-title-1382\" data-tab=\"2\" role=\"button\" aria-controls=\"elementor-tab-content-1382\" aria-expanded=\"false\">\n\t\t\t\t\t\t\t\t\t\t\t\t\t\t\t<svg viewBox=\"0 0 512 512\" xmlns=\"http:\/\/www.w3.org\/2000\/svg\"><path d=\"M428.8 137.6h-86.177a115.52 115.52 0 0 0 2.176-22.4c0-47.914-35.072-83.2-92-83.2-45.314 0-57.002 48.537-75.707 78.784-7.735 12.413-16.994 23.317-25.851 33.253l-.131.146-.129.148C135.662 161.807 127.764 168 120.8 168h-2.679c-5.747-4.952-13.536-8-22.12-8H32c-17.673 0-32 12.894-32 28.8v230.4C0 435.106 14.327 448 32 448h64c8.584 0 16.373-3.048 22.12-8h2.679c28.688 0 67.137 40 127.2 40h21.299c62.542 0 98.8-38.658 99.94-91.145 12.482-17.813 18.491-40.785 15.985-62.791A93.148 93.148 0 0 0 393.152 304H428.8c45.435 0 83.2-37.584 83.2-83.2 0-45.099-38.101-83.2-83.2-83.2zm0 118.4h-91.026c12.837 14.669 14.415 42.825-4.95 61.05 11.227 19.646 1.687 45.624-12.925 53.625 6.524 39.128-10.076 61.325-50.6 61.325H248c-45.491 0-77.21-35.913-120-39.676V215.571c25.239-2.964 42.966-21.222 59.075-39.596 11.275-12.65 21.725-25.3 30.799-39.875C232.355 112.712 244.006 80 252.8 80c23.375 0 44 8.8 44 35.2 0 35.2-26.4 53.075-26.4 70.4h158.4c18.425 0 35.2 16.5 35.2 35.2 0 18.975-16.225 35.2-35.2 35.2zM88 384c0 13.255-10.745 24-24 24s-24-10.745-24-24 10.745-24 24-24 24 10.745 24 24z\"><\/path><\/svg><br \/>\n\t\t\t\t\t\t\t\t\t\t\t\t<a tabindex=\"0\">Nom de l\u2019auteur (obligatoire)  <\/a><br \/>\n\t\t\t\t\t<\/h4>\n<p>Le pr\u00e9nom et le nom de ou des auteurs (es)\u00a0<\/p>\n<h4 id=\"elementor-tab-title-1383\" data-tab=\"3\" role=\"button\" aria-controls=\"elementor-tab-content-1383\" aria-expanded=\"false\">\n\t\t\t\t\t\t\t\t\t\t\t\t\t\t\t<svg viewBox=\"0 0 512 512\" xmlns=\"http:\/\/www.w3.org\/2000\/svg\"><path d=\"M428.8 137.6h-86.177a115.52 115.52 0 0 0 2.176-22.4c0-47.914-35.072-83.2-92-83.2-45.314 0-57.002 48.537-75.707 78.784-7.735 12.413-16.994 23.317-25.851 33.253l-.131.146-.129.148C135.662 161.807 127.764 168 120.8 168h-2.679c-5.747-4.952-13.536-8-22.12-8H32c-17.673 0-32 12.894-32 28.8v230.4C0 435.106 14.327 448 32 448h64c8.584 0 16.373-3.048 22.12-8h2.679c28.688 0 67.137 40 127.2 40h21.299c62.542 0 98.8-38.658 99.94-91.145 12.482-17.813 18.491-40.785 15.985-62.791A93.148 93.148 0 0 0 393.152 304H428.8c45.435 0 83.2-37.584 83.2-83.2 0-45.099-38.101-83.2-83.2-83.2zm0 118.4h-91.026c12.837 14.669 14.415 42.825-4.95 61.05 11.227 19.646 1.687 45.624-12.925 53.625 6.524 39.128-10.076 61.325-50.6 61.325H248c-45.491 0-77.21-35.913-120-39.676V215.571c25.239-2.964 42.966-21.222 59.075-39.596 11.275-12.65 21.725-25.3 30.799-39.875C232.355 112.712 244.006 80 252.8 80c23.375 0 44 8.8 44 35.2 0 35.2-26.4 53.075-26.4 70.4h158.4c18.425 0 35.2 16.5 35.2 35.2 0 18.975-16.225 35.2-35.2 35.2zM88 384c0 13.255-10.745 24-24 24s-24-10.745-24-24 10.745-24 24-24 24 10.745 24 24z\"><\/path><\/svg><br \/>\n\t\t\t\t\t\t\t\t\t\t\t\t<a tabindex=\"0\">Pr\u00e9sentation de l\u2019auteur (obligatoire en notes de bas de page)  <\/a><br \/>\n\t\t\t\t\t<\/h4>\n<p>Une courte pr\u00e9sentation en note de bas de page des auteurs (es) ne devant pas d\u00e9passer 100 mots par auteur. On doit y retrouver obligatoirement le nom de l\u2019auteur, le nom de l\u2019institution d\u2019origine, le statut professionnel et l\u2019organisation dont il rel\u00e8ve, et enfin, les adresses de courrier \u00e9lectronique du ou des auteurs. L\u2019auteur peut aussi \u00e9num\u00e9rer ses principaux champs de recherche et ses principales publications. La revue ne s\u2019engage toutefois pas \u00e0 diffuser tous ces \u00e9l\u00e9ments.\u00a0<\/p>\n<h4 id=\"elementor-tab-title-1384\" data-tab=\"4\" role=\"button\" aria-controls=\"elementor-tab-content-1384\" aria-expanded=\"false\">\n\t\t\t\t\t\t\t\t\t\t\t\t\t\t\t<svg viewBox=\"0 0 512 512\" xmlns=\"http:\/\/www.w3.org\/2000\/svg\"><path d=\"M428.8 137.6h-86.177a115.52 115.52 0 0 0 2.176-22.4c0-47.914-35.072-83.2-92-83.2-45.314 0-57.002 48.537-75.707 78.784-7.735 12.413-16.994 23.317-25.851 33.253l-.131.146-.129.148C135.662 161.807 127.764 168 120.8 168h-2.679c-5.747-4.952-13.536-8-22.12-8H32c-17.673 0-32 12.894-32 28.8v230.4C0 435.106 14.327 448 32 448h64c8.584 0 16.373-3.048 22.12-8h2.679c28.688 0 67.137 40 127.2 40h21.299c62.542 0 98.8-38.658 99.94-91.145 12.482-17.813 18.491-40.785 15.985-62.791A93.148 93.148 0 0 0 393.152 304H428.8c45.435 0 83.2-37.584 83.2-83.2 0-45.099-38.101-83.2-83.2-83.2zm0 118.4h-91.026c12.837 14.669 14.415 42.825-4.95 61.05 11.227 19.646 1.687 45.624-12.925 53.625 6.524 39.128-10.076 61.325-50.6 61.325H248c-45.491 0-77.21-35.913-120-39.676V215.571c25.239-2.964 42.966-21.222 59.075-39.596 11.275-12.65 21.725-25.3 30.799-39.875C232.355 112.712 244.006 80 252.8 80c23.375 0 44 8.8 44 35.2 0 35.2-26.4 53.075-26.4 70.4h158.4c18.425 0 35.2 16.5 35.2 35.2 0 18.975-16.225 35.2-35.2 35.2zM88 384c0 13.255-10.745 24-24 24s-24-10.745-24-24 10.745-24 24-24 24 10.745 24 24z\"><\/path><\/svg><br \/>\n\t\t\t\t\t\t\t\t\t\t\t\t<a tabindex=\"0\">R\u00e9sum\u00e9 de l\u2019article (obligatoire)  <\/a><br \/>\n\t\t\t\t\t<\/h4>\n<p>Un r\u00e9sum\u00e9 de l\u2019article ne doit pas d\u00e9passer 160 mots. Le r\u00e9sum\u00e9 doit \u00eatre \u00e0 la fois en fran\u00e7ais et en anglais (police Times new roman, taille 12, interligne 1,15).\u00a0<\/p>\n<h4 id=\"elementor-tab-title-1761\" data-tab=\"1\" role=\"button\" aria-controls=\"elementor-tab-content-1761\" aria-expanded=\"false\">\n\t\t\t\t\t\t\t\t\t\t\t\t\t\t\t<svg viewBox=\"0 0 512 512\" xmlns=\"http:\/\/www.w3.org\/2000\/svg\"><path d=\"M428.8 137.6h-86.177a115.52 115.52 0 0 0 2.176-22.4c0-47.914-35.072-83.2-92-83.2-45.314 0-57.002 48.537-75.707 78.784-7.735 12.413-16.994 23.317-25.851 33.253l-.131.146-.129.148C135.662 161.807 127.764 168 120.8 168h-2.679c-5.747-4.952-13.536-8-22.12-8H32c-17.673 0-32 12.894-32 28.8v230.4C0 435.106 14.327 448 32 448h64c8.584 0 16.373-3.048 22.12-8h2.679c28.688 0 67.137 40 127.2 40h21.299c62.542 0 98.8-38.658 99.94-91.145 12.482-17.813 18.491-40.785 15.985-62.791A93.148 93.148 0 0 0 393.152 304H428.8c45.435 0 83.2-37.584 83.2-83.2 0-45.099-38.101-83.2-83.2-83.2zm0 118.4h-91.026c12.837 14.669 14.415 42.825-4.95 61.05 11.227 19.646 1.687 45.624-12.925 53.625 6.524 39.128-10.076 61.325-50.6 61.325H248c-45.491 0-77.21-35.913-120-39.676V215.571c25.239-2.964 42.966-21.222 59.075-39.596 11.275-12.65 21.725-25.3 30.799-39.875C232.355 112.712 244.006 80 252.8 80c23.375 0 44 8.8 44 35.2 0 35.2-26.4 53.075-26.4 70.4h158.4c18.425 0 35.2 16.5 35.2 35.2 0 18.975-16.225 35.2-35.2 35.2zM88 384c0 13.255-10.745 24-24 24s-24-10.745-24-24 10.745-24 24-24 24 10.745 24 24z\"><\/path><\/svg><br \/>\n\t\t\t\t\t\t\t\t\t\t\t\t<a tabindex=\"0\">Mots cl\u00e9s (obligatoire)<\/a><br \/>\n\t\t\t\t\t<\/h4>\n<p>Une liste de cinq mots cl\u00e9s maximum d\u00e9crivant l\u2019objet de l\u2019article.\u00a0<\/p>\n<h4 id=\"elementor-tab-title-1762\" data-tab=\"2\" role=\"button\" aria-controls=\"elementor-tab-content-1762\" aria-expanded=\"false\">\n\t\t\t\t\t\t\t\t\t\t\t\t\t\t\t<svg viewBox=\"0 0 512 512\" xmlns=\"http:\/\/www.w3.org\/2000\/svg\"><path d=\"M428.8 137.6h-86.177a115.52 115.52 0 0 0 2.176-22.4c0-47.914-35.072-83.2-92-83.2-45.314 0-57.002 48.537-75.707 78.784-7.735 12.413-16.994 23.317-25.851 33.253l-.131.146-.129.148C135.662 161.807 127.764 168 120.8 168h-2.679c-5.747-4.952-13.536-8-22.12-8H32c-17.673 0-32 12.894-32 28.8v230.4C0 435.106 14.327 448 32 448h64c8.584 0 16.373-3.048 22.12-8h2.679c28.688 0 67.137 40 127.2 40h21.299c62.542 0 98.8-38.658 99.94-91.145 12.482-17.813 18.491-40.785 15.985-62.791A93.148 93.148 0 0 0 393.152 304H428.8c45.435 0 83.2-37.584 83.2-83.2 0-45.099-38.101-83.2-83.2-83.2zm0 118.4h-91.026c12.837 14.669 14.415 42.825-4.95 61.05 11.227 19.646 1.687 45.624-12.925 53.625 6.524 39.128-10.076 61.325-50.6 61.325H248c-45.491 0-77.21-35.913-120-39.676V215.571c25.239-2.964 42.966-21.222 59.075-39.596 11.275-12.65 21.725-25.3 30.799-39.875C232.355 112.712 244.006 80 252.8 80c23.375 0 44 8.8 44 35.2 0 35.2-26.4 53.075-26.4 70.4h158.4c18.425 0 35.2 16.5 35.2 35.2 0 18.975-16.225 35.2-35.2 35.2zM88 384c0 13.255-10.745 24-24 24s-24-10.745-24-24 10.745-24 24-24 24 10.745 24 24z\"><\/path><\/svg><br \/>\n\t\t\t\t\t\t\t\t\t\t\t\t<a tabindex=\"0\">Corpus de l\u2019article  <\/a><br \/>\n\t\t\t\t\t<\/h4>\n<p>-La structure d\u2019un article, doit \u00eatre conforme aux r\u00e8gles de r\u00e9daction scientifique, selon que l\u2019article est une contribution th\u00e9orique ou r\u00e9sulte d\u2019une recherche de terrain.\u00a0<\/p>\n<p>-La structure d\u2019un article scientifique en lettres et sciences humaines se pr\u00e9sente comme suit :<\/p>\n<p><strong>&#8211;<\/strong> <strong>Pour un article qui est une contribution th\u00e9orique et fondamentale<\/strong> :<\/p>\n<p>Introduction (justification du sujet, probl\u00e9matique, hypoth\u00e8ses\/objectifs scientifiques, approche), D\u00e9veloppement articul\u00e9, Conclusion, Bibliographie.\u00a0<\/p>\n<p><strong>&#8211;<\/strong> <strong>Pour un article qui r\u00e9sulte d\u2019une recherche de terrain<\/strong> :<\/p>\n<p>Titre,<\/p>\n<p>Pr\u00e9nom et Nom de l\u2019auteur,<\/p>\n<p>Institution d\u2019attache, adresse \u00e9lectronique (note de bas de page),<\/p>\n<p>R\u00e9sum\u00e9 en fran\u00e7ais. Mots-cl\u00e9s, Abstract, Keywords,\u00a0<\/p>\n<p>Introduction, M\u00e9thodologie, R\u00e9sultats et Discussion, Conclusion, Bibliographie.<\/p>\n<p>Par exemple : Les articles conformes aux normes de pr\u00e9sentation, doivent contenir les rubriques suivantes : introduction, probl\u00e9matique de l\u2019\u00e9tude, m\u00e9thodologie adopt\u00e9e, r\u00e9sultats de la recherche, perspectives pour recherche, conclusions, r\u00e9f\u00e9rences bibliographiques.\u00a0\u00a0<\/p>\n<h4 id=\"elementor-tab-title-1763\" data-tab=\"3\" role=\"button\" aria-controls=\"elementor-tab-content-1763\" aria-expanded=\"false\">\n\t\t\t\t\t\t\t\t\t\t\t\t\t\t\t<svg viewBox=\"0 0 512 512\" xmlns=\"http:\/\/www.w3.org\/2000\/svg\"><path d=\"M428.8 137.6h-86.177a115.52 115.52 0 0 0 2.176-22.4c0-47.914-35.072-83.2-92-83.2-45.314 0-57.002 48.537-75.707 78.784-7.735 12.413-16.994 23.317-25.851 33.253l-.131.146-.129.148C135.662 161.807 127.764 168 120.8 168h-2.679c-5.747-4.952-13.536-8-22.12-8H32c-17.673 0-32 12.894-32 28.8v230.4C0 435.106 14.327 448 32 448h64c8.584 0 16.373-3.048 22.12-8h2.679c28.688 0 67.137 40 127.2 40h21.299c62.542 0 98.8-38.658 99.94-91.145 12.482-17.813 18.491-40.785 15.985-62.791A93.148 93.148 0 0 0 393.152 304H428.8c45.435 0 83.2-37.584 83.2-83.2 0-45.099-38.101-83.2-83.2-83.2zm0 118.4h-91.026c12.837 14.669 14.415 42.825-4.95 61.05 11.227 19.646 1.687 45.624-12.925 53.625 6.524 39.128-10.076 61.325-50.6 61.325H248c-45.491 0-77.21-35.913-120-39.676V215.571c25.239-2.964 42.966-21.222 59.075-39.596 11.275-12.65 21.725-25.3 30.799-39.875C232.355 112.712 244.006 80 252.8 80c23.375 0 44 8.8 44 35.2 0 35.2-26.4 53.075-26.4 70.4h158.4c18.425 0 35.2 16.5 35.2 35.2 0 18.975-16.225 35.2-35.2 35.2zM88 384c0 13.255-10.745 24-24 24s-24-10.745-24-24 10.745-24 24-24 24 10.745 24 24z\"><\/path><\/svg><br \/>\n\t\t\t\t\t\t\t\t\t\t\t\t<a tabindex=\"0\">Tout l\u2019article ne doit d\u00e9passer 17 pages<\/a><br \/>\n\t\t\t\t\t<\/h4>\n<p><strong>Police Times new roman, taille 12 et interligne 1,5 (maximum 30 000 mots)<\/strong>. La revue <em>Particip\u2019Action<\/em> permet l\u2019usage de notes de bas de page pour ajouter des pr\u00e9cisions au texte. Mais afin de ne pas alourdir la lecture et d\u2019aller \u00e0 l\u2019essentiel, il est recommand\u00e9 de <strong>faire le moins possible usage des notes (10 notes de bas de page au maximum par article). <\/strong>\u00a0<\/p>\n<p>&#8211; A l\u2019exception de l\u2019introduction, de la conclusion, de la bibliographie, les articulations d\u2019un article doivent \u00eatre titr\u00e9es, et num\u00e9rot\u00e9es par des chiffres <strong>(exemples : 1. ; 1.1.; 1.2; 2. ; 2.2. ; 2.2.1 ; 2.2.2. ; 3. ; etc.). <\/strong>\u00a0<\/p>\n<p>\u00a0Les passages cit\u00e9s sont pr\u00e9sent\u00e9s en romain et entre guillemets.\u00a0 Lorsque la phrase citant et la citation d\u00e9passent trois lignes, il faut aller \u00e0 la ligne, pour pr\u00e9senter la citation (interligne 1) en romain et en retrait, en diminuant la taille de police d\u2019un point. Ins\u00e9rer la pagination et ne pas ins\u00e9rer d&rsquo;information autre que le num\u00e9ro de page dans l&rsquo;en-t\u00eate et \u00e9viter les pieds de page.\u00a0<\/p>\n<p>Les figures et les tableaux doivent \u00eatre int\u00e9gr\u00e9s au texte et pr\u00e9sent\u00e9s avec des marges d\u2019au moins six centim\u00e8tres \u00e0 droite et \u00e0 gauche. Les caract\u00e8res dans ces figures et tableaux doivent aussi \u00eatre en Times 12. Figures et tableaux doivent avoir chacun(e) un titre.\u00a0<\/p>\n<p>\u00a0Les citations dans le corps du texte doivent \u00eatre indiqu\u00e9es par un retrait avec tabulation 1 cm et le texte mis en taille 11.\u00a0<\/p>\n<p>Les r\u00e9f\u00e9rences de citations sont int\u00e9gr\u00e9es au texte citant, selon les cas, de la fa\u00e7on suivante :<\/p>\n<ul>\n<li>(Initiale (s) du Pr\u00e9nom ou des Pr\u00e9noms de l\u2019auteur. Nom de l\u2019Auteur, ann\u00e9e de publication, pages cit\u00e9es) ; &#8211; Initiale (s) du Pr\u00e9nom ou des Pr\u00e9noms de l\u2019auteur. Nom de l\u2019Auteur (ann\u00e9e de publication, pages cit\u00e9es). Exemples :<\/li>\n<li>En effet, le but poursuivi par <strong> Ascher (1998, p. 223),<\/strong> est \u00ab d\u2019\u00e9largir l\u2019histoire des math\u00e9matiques de telle sorte qu\u2019elle acqui\u00e8re une perspective multiculturelle et globale (\u2026), d\u2019accroitre le domaine des math\u00e9matiques : alors qu\u2019elle s\u2019est pour l\u2019essentiel occup\u00e9e du groupe professionnel occidental que l\u2019on appelle les math\u00e9maticiens (\u2026) \u00bb.<\/li>\n<li>Pour dire plus amplement ce qu\u2019est cette capacit\u00e9 de la soci\u00e9t\u00e9 civile, qui dans son d\u00e9ploiement effectif, atteste qu\u2019elle peut porter le d\u00e9veloppement et l\u2019histoire, S. B. Diagne (1991, p. 2) \u00e9crit :<\/li>\n<\/ul>\n<p>Qu\u2019on ne s\u2019y trompe pas : de toute mani\u00e8re, les populations ont toujours su opposer \u00e0 la philosophie de l\u2019encadrement et \u00e0 son volontarisme leurs propres strat\u00e9gies de contournements. Celles-l\u00e0, par exemple, sont lisibles dans le dynamisme, ou \u00e0 tout le moins, dans la cr\u00e9ativit\u00e9 dont sait preuve ce que l\u2019on d\u00e9signe sous le nom de secteur informel et \u00e0 qui il faudra donner l\u2019appellation positive d\u2019\u00e9conomie populaire.<\/p>\n<ul>\n<li>Le philosophe ivoirien a raison, dans une certaine mesure, de lire, dans ce choc d\u00e9stabilisateur, le processus du sous-d\u00e9veloppement. Ainsi qu\u2019il le dit :<\/li>\n<\/ul>\n<p>le processus\u00a0 du\u00a0 sous-d\u00e9veloppement r\u00e9sultant\u00a0 de ce choc\u00a0 est v\u00e9cu concr\u00e8tement par les populations concern\u00e9es comme une crise globale : crise socio-\u00e9conomique (exploitation brutale, ch\u00f4mage permanent, exode acc\u00e9l\u00e9r\u00e9 et douloureux), mais aussi crise socio-culturelle et de civilisation traduisant une impr\u00e9paration sociohistorique et une inadaptation des cultures et des comportements humains aux formes de vie impos\u00e9es par les technologies \u00e9trang\u00e8res. (S. Diakit\u00e9, 1985, p. 105).<\/p>\n<p>Pour les articles de deux ou trois auteurs, noter les initiales des pr\u00e9noms, les noms et suivis de l\u2019ann\u00e9e (J. Batee et D. Maate, 2004 ou K. Moote, A. Pooul et E. Polim, 2000). Pour les articles ou ouvrages collectifs de plus de trois auteurs noter les initiales des pr\u00e9noms, le nom du premier auteur et la mention \u2018\u2019et al\u2019\u2019 (F. Loom et al, 2003). Lorsque plusieurs r\u00e9f\u00e9rences sont utilis\u00e9es pour la m\u00eame information, celles-ci doivent \u00eatre mises en ordre chronologique (R. Gool, 1998 et M. Goti, 2006).<\/p>\n<p>\u00a0<strong>Les sources historiques, les r\u00e9f\u00e9rences<\/strong> d\u2019informations orales et les notes explicatives sont num\u00e9rot\u00e9es en s\u00e9rie continue et pr\u00e9sent\u00e9es en bas de page.<\/p>\n<h4 id=\"elementor-tab-title-1764\" data-tab=\"4\" role=\"button\" aria-controls=\"elementor-tab-content-1764\" aria-expanded=\"false\">\n\t\t\t\t\t\t\t\t\t\t\t\t\t\t\t<svg viewBox=\"0 0 512 512\" xmlns=\"http:\/\/www.w3.org\/2000\/svg\"><path d=\"M428.8 137.6h-86.177a115.52 115.52 0 0 0 2.176-22.4c0-47.914-35.072-83.2-92-83.2-45.314 0-57.002 48.537-75.707 78.784-7.735 12.413-16.994 23.317-25.851 33.253l-.131.146-.129.148C135.662 161.807 127.764 168 120.8 168h-2.679c-5.747-4.952-13.536-8-22.12-8H32c-17.673 0-32 12.894-32 28.8v230.4C0 435.106 14.327 448 32 448h64c8.584 0 16.373-3.048 22.12-8h2.679c28.688 0 67.137 40 127.2 40h21.299c62.542 0 98.8-38.658 99.94-91.145 12.482-17.813 18.491-40.785 15.985-62.791A93.148 93.148 0 0 0 393.152 304H428.8c45.435 0 83.2-37.584 83.2-83.2 0-45.099-38.101-83.2-83.2-83.2zm0 118.4h-91.026c12.837 14.669 14.415 42.825-4.95 61.05 11.227 19.646 1.687 45.624-12.925 53.625 6.524 39.128-10.076 61.325-50.6 61.325H248c-45.491 0-77.21-35.913-120-39.676V215.571c25.239-2.964 42.966-21.222 59.075-39.596 11.275-12.65 21.725-25.3 30.799-39.875C232.355 112.712 244.006 80 252.8 80c23.375 0 44 8.8 44 35.2 0 35.2-26.4 53.075-26.4 70.4h158.4c18.425 0 35.2 16.5 35.2 35.2 0 18.975-16.225 35.2-35.2 35.2zM88 384c0 13.255-10.745 24-24 24s-24-10.745-24-24 10.745-24 24-24 24 10.745 24 24z\"><\/path><\/svg><br \/>\n\t\t\t\t\t\t\t\t\t\t\t\t<a tabindex=\"0\">R\u00e9f\u00e9rences bibliographiques (obligatoire)  <\/a><br \/>\n\t\t\t\t\t<\/h4>\n<p><strong>Les divers \u00e9l\u00e9ments d\u2019une r\u00e9f\u00e9rence bibliographique<\/strong> sont pr\u00e9sent\u00e9s comme suit :\u00a0 NOM et Pr\u00e9nom (s) de l\u2019auteur, Ann\u00e9e de publication, Zone titre, Lieu de publication, Zone Editeur, pages (p.) occup\u00e9es par l\u2019article dans la revue ou l\u2019ouvrage collectif.\u00a0\u00a0<\/p>\n<p>Dans la zone titre, le titre d\u2019un article est pr\u00e9sent\u00e9 en romain et entre guillemets, celui d\u2019un ouvrage, d\u2019un m\u00e9moire ou d\u2019une th\u00e8se, d\u2019un rapport, d\u2019une revue ou d\u2019un journal est pr\u00e9sent\u00e9 en italique.\u00a0 Dans la zone Editeur, on indique la Maison d\u2019\u00e9dition (pour un ouvrage), le Nom et le num\u00e9ro\/volume de la revue (pour un article). Au cas o\u00f9 un ouvrage est une traduction et\/ou une r\u00e9\u00e9dition, il faut pr\u00e9ciser apr\u00e8s le titre le nom du traducteur et\/ou l\u2019\u00e9dition (ex : 2nde \u00e9d.).\u00a0<\/p>\n<p><strong>Ne sont pr\u00e9sent\u00e9es dans les r\u00e9f\u00e9rences bibliographiques que les r\u00e9f\u00e9rences des documents cit\u00e9s<\/strong>.\u00a0\u00a0 Les r\u00e9f\u00e9rences bibliographiques sont pr\u00e9sent\u00e9es par ordre alphab\u00e9tique des noms d\u2019auteur. Il convient de pr\u00eater une attention particuli\u00e8re \u00e0 la qualit\u00e9 de l\u2019expression. Le Comit\u00e9 scientifique de la revue se r\u00e9serve le droit de r\u00e9viser les textes, de demander des modifications (mineures ou majeures) ou de rejeter l\u2019article de mani\u00e8re d\u00e9finitive ou provisoire (si des corrections majeures doivent pr\u00e9alablement y \u00eatre apport\u00e9es). L\u2019auteur est consult\u00e9 pr\u00e9alablement \u00e0 la diffusion de son article lorsque le Comit\u00e9 scientifique apporte des modifications. Si les corrections ne sont pas prises en compte par l\u2019auteur, la direction de la revue <em>Particip\u2019Action <\/em>se donne le droit de ne pas publier l\u2019article.<\/p>\n","protected":false},"excerpt":{"rendered":"<p>SOUMISSION DES ARTICLES La Revue Particip\u2019Action re\u00e7oit les projets de publication par voie \u00e9lectronique. Ceci permet de r\u00e9duire les co\u00fbts d\u2019op\u00e9ration et d\u2019acc\u00e9l\u00e9rer le processus de r\u00e9ception, de traitement et de mise en ligne de la revue. Les articles doivent \u00eatre soumis \u00e0 l\u2019adresse suivante (ou conjointement) : \u00a0 participaction1@gmail.com\u00a0 ORIGINALITE DES ARTICLES La revue [&hellip;]<\/p>\n","protected":false},"author":3,"featured_media":0,"parent":0,"menu_order":0,"comment_status":"closed","ping_status":"closed","template":"","meta":{"saved_in_kubio":false,"footnotes":""},"class_list":["post-333","page","type-page","status-publish","hentry"],"kubio_ai_page_context":{"short_desc":"","purpose":"general"},"_links":{"self":[{"href":"https:\/\/particip-action.com\/index.php?rest_route=\/wp\/v2\/pages\/333","targetHints":{"allow":["GET"]}}],"collection":[{"href":"https:\/\/particip-action.com\/index.php?rest_route=\/wp\/v2\/pages"}],"about":[{"href":"https:\/\/particip-action.com\/index.php?rest_route=\/wp\/v2\/types\/page"}],"author":[{"embeddable":true,"href":"https:\/\/particip-action.com\/index.php?rest_route=\/wp\/v2\/users\/3"}],"replies":[{"embeddable":true,"href":"https:\/\/particip-action.com\/index.php?rest_route=%2Fwp%2Fv2%2Fcomments&post=333"}],"version-history":[{"count":75,"href":"https:\/\/particip-action.com\/index.php?rest_route=\/wp\/v2\/pages\/333\/revisions"}],"predecessor-version":[{"id":2127,"href":"https:\/\/particip-action.com\/index.php?rest_route=\/wp\/v2\/pages\/333\/revisions\/2127"}],"wp:attachment":[{"href":"https:\/\/particip-action.com\/index.php?rest_route=%2Fwp%2Fv2%2Fmedia&parent=333"}],"curies":[{"name":"wp","href":"https:\/\/api.w.org\/{rel}","templated":true}]}}